{"id":911,"date":"2020-12-07T10:37:28","date_gmt":"2020-12-07T10:37:28","guid":{"rendered":"http:\/\/tab-ipm.si\/?page_id=911"},"modified":"2021-05-05T15:30:10","modified_gmt":"2021-05-05T15:30:10","slug":"transport","status":"publish","type":"page","link":"http:\/\/tab-ipm.si\/index.php\/transport\/","title":{"rendered":"TRANSPORT"},"content":{"rendered":"<p>[vc_row][vc_column][vc_column_text]Z lastnimi vozili opravljamo prevoze v doma\u010dem prometu, v dr\u017eavah znotraj EU ter na Balkanu. Prevoze v ve\u010dini opravljamo za podjetja v na\u0161i skupini ter tudi za doma\u010de in tuje naro\u010dnika.<\/p>\n<p>Vsa na\u0161a vozila so so sodobno opremljena in omogo\u010dajo kakovostne prevozne storitve. Prevoze opravljamo zanesljivo, strokovno in kakovostno.<\/p>\n<p>Opravljamo razli\u010dne na\u010dine prevozov:<\/p>\n<ul>\n<li>klasi\u010den prevoz blaga<\/li>\n<li>prevoz kosovnega blaga<\/li>\n<li>prevoz zbirnega blaga<\/li>\n<li>prevoz razsutega blaga<\/li>\n<li>prevoz nevarnega blaga (ADR prevozi)<\/li>\n<\/ul>\n<p>Na\u0161 vozni park obsega<\/p>\n<ul>\n<li>Kombi vozila (nosilnosti do 1,3 tone)<\/li>\n<li>Klasi\u010dni kamioni (nosilnosti od 14 do 25 ton)<\/li>\n<li>Kiper kamioni (nosilnosti od 14 do 25 ton)<\/li>\n<\/ul>\n<p>Vsi kamioni so ustrezno opremljeni in primerni za prevoz nevarnega blaga. Z nenehnim posodabljanjem voznega parka skrbimo, da vozila zadostujejo visoko postavljenim ekolo\u0161kim standardom.<\/p>\n<h3><strong>KONTAKT:<\/strong><\/h3>\n<p>&nbsp;[\/vc_column_text][vc_row_inner][vc_column_inner width=&#8221;1\/3&#8243;][staff staff=&#8221;743&#8243; style=&#8221;style_2&#8243;][\/vc_column_inner][vc_column_inner width=&#8221;1\/3&#8243;][\/vc_column_inner][vc_column_inner width=&#8221;1\/3&#8243;][\/vc_column_inner][\/vc_row_inner][\/vc_column][\/vc_row]<\/p>\n","protected":false},"excerpt":{"rendered":"<p>[vc_row][vc_column][vc_column_text]Z lastnimi vozili opravljamo prevoze v doma\u010dem prometu, v dr\u017eavah znotraj EU ter na Balkanu. Prevoze v ve\u010dini opravljamo za podjetja v na\u0161i skupini ter tudi za doma\u010de in tuje naro\u010dnika. Vsa na\u0161a vozila so so sodobno opremljena in omogo\u010dajo kakovostne prevozne storitve. Prevoze opravljamo zanesljivo, strokovno in kakovostno. Opravljamo razli\u010dne na\u010dine prevozov: klasi\u010den prevoz [&hellip;]<\/p>\n","protected":false},"author":1,"featured_media":1045,"parent":0,"menu_order":0,"comment_status":"closed","ping_status":"closed","template":"","meta":[],"_links":{"self":[{"href":"http:\/\/tab-ipm.si\/index.php\/wp-json\/wp\/v2\/pages\/911"}],"collection":[{"href":"http:\/\/tab-ipm.si\/index.php\/wp-json\/wp\/v2\/pages"}],"about":[{"href":"http:\/\/tab-ipm.si\/index.php\/wp-json\/wp\/v2\/types\/page"}],"author":[{"embeddable":true,"href":"http:\/\/tab-ipm.si\/index.php\/wp-json\/wp\/v2\/users\/1"}],"replies":[{"embeddable":true,"href":"http:\/\/tab-ipm.si\/index.php\/wp-json\/wp\/v2\/comments?post=911"}],"version-history":[{"count":5,"href":"http:\/\/tab-ipm.si\/index.php\/wp-json\/wp\/v2\/pages\/911\/revisions"}],"predecessor-version":[{"id":1096,"href":"http:\/\/tab-ipm.si\/index.php\/wp-json\/wp\/v2\/pages\/911\/revisions\/1096"}],"wp:featuredmedia":[{"embeddable":true,"href":"http:\/\/tab-ipm.si\/index.php\/wp-json\/wp\/v2\/media\/1045"}],"wp:attachment":[{"href":"http:\/\/tab-ipm.si\/index.php\/wp-json\/wp\/v2\/media?parent=911"}],"curies":[{"name":"wp","href":"https:\/\/api.w.org\/{rel}","templated":true}]}}