{"id":870,"date":"2020-11-06T07:36:06","date_gmt":"2020-11-06T07:36:06","guid":{"rendered":"http:\/\/tab-ipm.si\/?page_id=870"},"modified":"2021-05-05T16:36:02","modified_gmt":"2021-05-05T16:36:02","slug":"oprema","status":"publish","type":"page","link":"http:\/\/tab-ipm.si\/index.php\/oprema\/","title":{"rendered":"Oprema"},"content":{"rendered":"<p>[vc_row][vc_column][vc_column_text]<\/p>\n<ul>\n<li><a class=\"vc_gitem-link prettyphoto vc-zone-link vc-prettyphoto-link\" title=\"AAS s plamensko tehnologijo\" href=\"http:\/\/tab-ipm.si\/wp-content\/uploads\/2020\/11\/aas.jpg\" target=\"_blank\" rel=\"noopener noreferrer\" data-rel=\"prettyPhoto[rel--2175245590]\" data-vc-gitem-zone=\"prettyphotoLink\">AAS s plamensko tehnologijo<\/a><\/li>\n<li><a class=\"vc_gitem-link prettyphoto vc-zone-link vc-prettyphoto-link\" title=\"UV-VIS spektrometer\" href=\"http:\/\/tab-ipm.si\/wp-content\/uploads\/2021\/02\/uvi.jpg\" data-rel=\"prettyPhoto[rel--3170297787]\" data-vc-gitem-zone=\"prettyphotoLink\">UV-VIS spektrometer<\/a><\/li>\n<li><a class=\"vc_gitem-link prettyphoto vc-zone-link vc-prettyphoto-link\" title=\"ICP-OES spektrometer\" href=\"http:\/\/tab-ipm.si\/wp-content\/uploads\/2020\/11\/icp-oes.jpg\" data-rel=\"prettyPhoto[rel--1962858871]\" data-vc-gitem-zone=\"prettyphotoLink\">ICP-OES spektrometer<\/a><\/li>\n<li>vzor\u010devalniki odpadnih voda<\/li>\n<li>merilniki pretokov na odprtih in zaprtih sistemih<\/li>\n<li>OES spektrometer (vzbujanje z iskro)<\/li>\n<li>pH, oksi metri in konduktometri<\/li>\n<li>analitske in precizne tehtnice<\/li>\n<li>MW pe\u010dica za razklop vzorcev<\/li>\n<li>oprema za pripravo vzorcev<\/li>\n<li><a class=\"vc_gitem-link prettyphoto vc-zone-link vc-prettyphoto-link\" title=\"Aparature za sejalno analizo\" href=\"http:\/\/tab-ipm.si\/wp-content\/uploads\/2020\/11\/sejalnik.jpg\" data-rel=\"prettyPhoto[rel--1962858871]\" data-vc-gitem-zone=\"prettyphotoLink\">aparature za sejalno analizo<\/a><\/li>\n<li><a class=\"vc_gitem-link prettyphoto vc-zone-link vc-prettyphoto-link\" title=\"Trgalni stroj\" href=\"http:\/\/tab-ipm.si\/wp-content\/uploads\/2020\/11\/trgalni_stroj.png\" data-rel=\"prettyPhoto[rel--2577157077]\" data-vc-gitem-zone=\"prettyphotoLink\">trgalni stroj<\/a><\/li>\n<li><a class=\"vc_gitem-link prettyphoto vc-zone-link vc-prettyphoto-link\" title=\"Merilnik udarne \u017eilavosti\" href=\"http:\/\/tab-ipm.si\/wp-content\/uploads\/2020\/11\/merilnik-udarne-zilavosti.png\" data-rel=\"prettyPhoto[rel--3817843304]\" data-vc-gitem-zone=\"prettyphotoLink\">merilnik udarne \u017eilavosti<\/a><\/li>\n<li><a class=\"vc_gitem-link prettyphoto vc-zone-link vc-prettyphoto-link\" title=\"diferen\u010dni dinami\u010dni kalorimeter (DSC)\" href=\"http:\/\/tab-ipm.si\/wp-content\/uploads\/2020\/11\/diferencni-dinamicni-kalorimeter.png\" data-rel=\"prettyPhoto[rel--4161195440]\" data-vc-gitem-zone=\"prettyphotoLink\">diferen\u010dni dinami\u010dni kalorimeter (DSC)<\/a><\/li>\n<li><a class=\"vc_gitem-link prettyphoto vc-zone-link vc-prettyphoto-link\" title=\"Merilnik pretoka taline\" href=\"http:\/\/tab-ipm.si\/wp-content\/uploads\/2020\/11\/merilnik-pretoka-taline.png\" data-rel=\"prettyPhoto[rel--1962858871]\" data-vc-gitem-zone=\"prettyphotoLink\">merilnik pretoka taline<\/a><\/li>\n<li><a class=\"vc_gitem-link prettyphoto vc-zone-link vc-prettyphoto-link\" title=\"Merilnik trdote\" href=\"http:\/\/tab-ipm.si\/wp-content\/uploads\/2020\/11\/merilnik-trdote.png\" data-rel=\"prettyPhoto[rel--1962858871]\" data-vc-gitem-zone=\"prettyphotoLink\">merilnik trdote (Shore D)<\/a><\/li>\n<li>analizator vlage<\/li>\n<li><a class=\"vc_gitem-link prettyphoto vc-zone-link vc-prettyphoto-link\" title=\"rentgenski fluoroscen\u010dni spektrometer (XRF)\" href=\"http:\/\/tab-ipm.si\/wp-content\/uploads\/2021\/02\/xrf.jpg\" data-rel=\"prettyPhoto[rel--2415088164]\" data-vc-gitem-zone=\"prettyphotoLink\">rentgenski fluoroscen\u010dni spektrometer (XRF)<\/a><\/li>\n<li><a class=\"vc_gitem-link prettyphoto vc-zone-link vc-prettyphoto-link\" title=\"rentgenski pra\u0161kovni difraktometer (XRD)\" href=\"http:\/\/tab-ipm.si\/wp-content\/uploads\/2021\/02\/xrd.jpg\" data-rel=\"prettyPhoto[rel--2415088164]\" data-vc-gitem-zone=\"prettyphotoLink\">rentgenski pra\u0161kovni difraktometer (XRD)<\/a><\/li>\n<\/ul>\n<p>[\/vc_column_text][\/vc_column][\/vc_row][vc_row][vc_column][vc_masonry_media_grid item=&#8221;masonryMedia_SlideWithTitleAndCaption&#8221; grid_id=&#8221;vc_gid:1620231751147-4bab8f8d46d71cdd5687bd3314f6ffab-0&#8243; include=&#8221;896,897,1100,899,900,901,1099,1018,1101,1019,1021,1030&#8243;][\/vc_column][\/vc_row]<\/p>\n","protected":false},"excerpt":{"rendered":"<p>[vc_row][vc_column][vc_column_text] AAS s plamensko tehnologijo UV-VIS spektrometer ICP-OES spektrometer vzor\u010devalniki odpadnih voda merilniki pretokov na odprtih in zaprtih sistemih OES spektrometer (vzbujanje z iskro) pH, oksi metri in konduktometri analitske in precizne tehtnice MW pe\u010dica za razklop vzorcev oprema za pripravo vzorcev aparature za sejalno analizo trgalni stroj merilnik udarne \u017eilavosti diferen\u010dni dinami\u010dni kalorimeter (DSC) [&hellip;]<\/p>\n","protected":false},"author":1,"featured_media":1038,"parent":0,"menu_order":0,"comment_status":"closed","ping_status":"closed","template":"","meta":[],"_links":{"self":[{"href":"http:\/\/tab-ipm.si\/index.php\/wp-json\/wp\/v2\/pages\/870"}],"collection":[{"href":"http:\/\/tab-ipm.si\/index.php\/wp-json\/wp\/v2\/pages"}],"about":[{"href":"http:\/\/tab-ipm.si\/index.php\/wp-json\/wp\/v2\/types\/page"}],"author":[{"embeddable":true,"href":"http:\/\/tab-ipm.si\/index.php\/wp-json\/wp\/v2\/users\/1"}],"replies":[{"embeddable":true,"href":"http:\/\/tab-ipm.si\/index.php\/wp-json\/wp\/v2\/comments?post=870"}],"version-history":[{"count":22,"href":"http:\/\/tab-ipm.si\/index.php\/wp-json\/wp\/v2\/pages\/870\/revisions"}],"predecessor-version":[{"id":1105,"href":"http:\/\/tab-ipm.si\/index.php\/wp-json\/wp\/v2\/pages\/870\/revisions\/1105"}],"wp:featuredmedia":[{"embeddable":true,"href":"http:\/\/tab-ipm.si\/index.php\/wp-json\/wp\/v2\/media\/1038"}],"wp:attachment":[{"href":"http:\/\/tab-ipm.si\/index.php\/wp-json\/wp\/v2\/media?parent=870"}],"curies":[{"name":"wp","href":"https:\/\/api.w.org\/{rel}","templated":true}]}}