{"id":845,"date":"2020-11-05T15:00:13","date_gmt":"2020-11-05T15:00:13","guid":{"rendered":"http:\/\/tab-ipm.si\/?page_id=845"},"modified":"2021-05-05T15:26:11","modified_gmt":"2021-05-05T15:26:11","slug":"compounding-of-lypolene","status":"publish","type":"page","link":"http:\/\/tab-ipm.si\/index.php\/compounding-of-lypolene\/","title":{"rendered":"PROIZVODNJA LYPOLENA"},"content":{"rendered":"<p>[vc_row][vc_column][vc_column_text]<\/p>\n<div style=\"text-align: justify;\">V procesu proizvodnje PP kompozitov imamo na razpolago tehnologijo, ki omogo\u010da ustvarjanje<br \/>\nnatan\u010dnih formulacij na podlagi vnaprej dolo\u010denih specifikacij in zahtev posameznega kupca. Sestavo materialov za specifi\u010dne namene uporabe lahko prilagajamo z dodajanjem mineralnih polnil, stabilizatorjev in barvil. Tehnologija dodajanja razli\u010dnih dodatkov omogo\u010da izdelavo visoko kvalitetnih PP kompozitov, kar dodatno zagotavljamo tudi s celovitim nadzorom procesa in vpeljanim sistemom vodenja kakovosti.<\/div>\n<p>[\/vc_column_text][\/vc_column][\/vc_row][vc_row][vc_column][media animation=&#8221;Up&#8221; image=&#8221;1050&#8243;][\/vc_column][\/vc_row]<\/p>\n","protected":false},"excerpt":{"rendered":"<p>[vc_row][vc_column][vc_column_text] V procesu proizvodnje PP kompozitov imamo na razpolago tehnologijo, ki omogo\u010da ustvarjanje natan\u010dnih formulacij na podlagi vnaprej dolo\u010denih specifikacij in zahtev posameznega kupca. Sestavo materialov za specifi\u010dne namene uporabe lahko prilagajamo z dodajanjem mineralnih polnil, stabilizatorjev in barvil. Tehnologija dodajanja razli\u010dnih dodatkov omogo\u010da izdelavo visoko kvalitetnih PP kompozitov, kar dodatno zagotavljamo tudi s celovitim [&hellip;]<\/p>\n","protected":false},"author":1,"featured_media":928,"parent":0,"menu_order":0,"comment_status":"closed","ping_status":"closed","template":"","meta":[],"_links":{"self":[{"href":"http:\/\/tab-ipm.si\/index.php\/wp-json\/wp\/v2\/pages\/845"}],"collection":[{"href":"http:\/\/tab-ipm.si\/index.php\/wp-json\/wp\/v2\/pages"}],"about":[{"href":"http:\/\/tab-ipm.si\/index.php\/wp-json\/wp\/v2\/types\/page"}],"author":[{"embeddable":true,"href":"http:\/\/tab-ipm.si\/index.php\/wp-json\/wp\/v2\/users\/1"}],"replies":[{"embeddable":true,"href":"http:\/\/tab-ipm.si\/index.php\/wp-json\/wp\/v2\/comments?post=845"}],"version-history":[{"count":6,"href":"http:\/\/tab-ipm.si\/index.php\/wp-json\/wp\/v2\/pages\/845\/revisions"}],"predecessor-version":[{"id":1057,"href":"http:\/\/tab-ipm.si\/index.php\/wp-json\/wp\/v2\/pages\/845\/revisions\/1057"}],"wp:featuredmedia":[{"embeddable":true,"href":"http:\/\/tab-ipm.si\/index.php\/wp-json\/wp\/v2\/media\/928"}],"wp:attachment":[{"href":"http:\/\/tab-ipm.si\/index.php\/wp-json\/wp\/v2\/media?parent=845"}],"curies":[{"name":"wp","href":"https:\/\/api.w.org\/{rel}","templated":true}]}}