{"id":841,"date":"2020-11-05T14:59:14","date_gmt":"2020-11-05T14:59:14","guid":{"rendered":"http:\/\/tab-ipm.si\/?page_id=841"},"modified":"2021-05-05T15:21:13","modified_gmt":"2021-05-05T15:21:13","slug":"lypolene","status":"publish","type":"page","link":"http:\/\/tab-ipm.si\/index.php\/lypolene\/","title":{"rendered":"LYPOLENE"},"content":{"rendered":"<p>[vc_section][vc_row bottom_padding=&#8221;0&#8243;][vc_column width=&#8221;1\/3&#8243;][media animation=&#8221;none&#8221; shadow=&#8221;1&#8243; rounded_left=&#8221;1&#8243; rounded_right=&#8221;1&#8243; image=&#8221;1003&#8243;][media animation=&#8221;none&#8221; image=&#8221;1002&#8243;][\/vc_column][vc_column width=&#8221;2\/3&#8243; css=&#8221;.vc_custom_1620226177116{margin-bottom: 0px !important;margin-left: 0px !important;}&#8221;][block_title style=&#8221;column_title&#8221; inner_style=&#8221;inline_border&#8221; title=&#8221;LYPOLENE&#8221;][\/block_title][vc_column_text css=&#8221;.vc_custom_1620226128152{margin-bottom: 0px !important;margin-left: 0px !important;}&#8221;]<\/p>\n<div style=\"text-align: justify;\">\n<p>Podjetje TAB-IPM d.o.o. je proizvajalec kakovostnega polipropilena (PP) iz sekundarnih materialov. \u017de od leta 2002 podjetje izvaja postopek ekstrudiranja polipropilena (PP). Reciklirani PP, imenovan Lypolene, je po kakovosti enak polipropilenu iz primarnih surovin. Namen uporabe materialov je lahko raznolik in prilagodljiv, uporaba recikliranega polipropilena pa zagotavlja tudi stro\u0161kovno u\u010dinkovitost. \u010ce podro\u010dje uporabe materiala zahteva posebne lastnosti materiala (fizikalne, kemijske, okoljske,\u2026), lahko na\u0161 oddelek za raziskave in razvoj prou\u010di mo\u017enosti izdelave materiala, ki bo ustrezal tem zahtevam.<\/p>\n<p>V sodelovanju z na\u0161imi kupci smo razvili paleto izdelkov, ki izpolnjujejo zahteve razli\u010dnih sektorjev, kot sta npr. avtomobilska in gradbena industrija.<\/p>\n<\/div>\n<p>[\/vc_column_text][\/vc_column][\/vc_row][\/vc_section][vc_row][vc_column][vc_empty_space][block_title style=&#8221;column_title&#8221; inner_style=&#8221;inline_border&#8221; title=&#8221;PROIZVODI IN PORO\u010cJA UPORABE&#8221;][\/block_title][vc_column_text]Avtomobilska industrija, posode za baterije, cevi, uporaba v razli\u010dnih industrijskih sektorjih&#8230;[\/vc_column_text][media image=&#8221;1052&#8243;][\/vc_column][\/vc_row]<\/p>\n","protected":false},"excerpt":{"rendered":"<p>[vc_section][vc_row bottom_padding=&#8221;0&#8243;][vc_column width=&#8221;1\/3&#8243;][media animation=&#8221;none&#8221; shadow=&#8221;1&#8243; rounded_left=&#8221;1&#8243; rounded_right=&#8221;1&#8243; image=&#8221;1003&#8243;][media animation=&#8221;none&#8221; image=&#8221;1002&#8243;][\/vc_column][vc_column width=&#8221;2\/3&#8243; css=&#8221;.vc_custom_1620226177116{margin-bottom: 0px !important;margin-left: 0px !important;}&#8221;][block_title style=&#8221;column_title&#8221; inner_style=&#8221;inline_border&#8221; title=&#8221;LYPOLENE&#8221;][\/block_title][vc_column_text css=&#8221;.vc_custom_1620226128152{margin-bottom: 0px !important;margin-left: 0px !important;}&#8221;] Podjetje TAB-IPM d.o.o. je proizvajalec kakovostnega polipropilena (PP) iz sekundarnih materialov. \u017de od leta 2002 podjetje izvaja postopek ekstrudiranja polipropilena (PP). Reciklirani PP, imenovan Lypolene, je po kakovosti enak polipropilenu iz [&hellip;]<\/p>\n","protected":false},"author":1,"featured_media":927,"parent":0,"menu_order":0,"comment_status":"closed","ping_status":"closed","template":"","meta":[],"_links":{"self":[{"href":"http:\/\/tab-ipm.si\/index.php\/wp-json\/wp\/v2\/pages\/841"}],"collection":[{"href":"http:\/\/tab-ipm.si\/index.php\/wp-json\/wp\/v2\/pages"}],"about":[{"href":"http:\/\/tab-ipm.si\/index.php\/wp-json\/wp\/v2\/types\/page"}],"author":[{"embeddable":true,"href":"http:\/\/tab-ipm.si\/index.php\/wp-json\/wp\/v2\/users\/1"}],"replies":[{"embeddable":true,"href":"http:\/\/tab-ipm.si\/index.php\/wp-json\/wp\/v2\/comments?post=841"}],"version-history":[{"count":18,"href":"http:\/\/tab-ipm.si\/index.php\/wp-json\/wp\/v2\/pages\/841\/revisions"}],"predecessor-version":[{"id":1092,"href":"http:\/\/tab-ipm.si\/index.php\/wp-json\/wp\/v2\/pages\/841\/revisions\/1092"}],"wp:featuredmedia":[{"embeddable":true,"href":"http:\/\/tab-ipm.si\/index.php\/wp-json\/wp\/v2\/media\/927"}],"wp:attachment":[{"href":"http:\/\/tab-ipm.si\/index.php\/wp-json\/wp\/v2\/media?parent=841"}],"curies":[{"name":"wp","href":"https:\/\/api.w.org\/{rel}","templated":true}]}}