{"id":781,"date":"2014-12-09T15:04:10","date_gmt":"2014-12-09T15:04:10","guid":{"rendered":"http:\/\/localhost\/business4\/?page_id=781"},"modified":"2023-06-01T11:42:41","modified_gmt":"2023-06-01T11:42:41","slug":"osnovne_informacije","status":"publish","type":"page","link":"http:\/\/tab-ipm.si\/index.php\/osnovne_informacije\/","title":{"rendered":"Osnovne informacije"},"content":{"rendered":"<p>[vc_row type=&#8221;full_width_content&#8221;][vc_column][google_map height=&#8221;350&#8243; dynamic_src=&#8221;https:\/\/www.google.com\/maps\/embed?pb=!1m18!1m12!1m3!1d2747.3203652360103!2d14.866066015591805!3d46.48196847912615!2m3!1f0!2f0!3f0!3m2!1i1024!2i768!4f13.1!3m3!1m2!1s0x476ff87a72dbbe07%3A0x650ab6aa74dc890f!2zxb1lcmphdiA3OSwgMjM5MyDEjHJuYSBuYSBLb3JvxaFrZW0!5e0!3m2!1sen!2ssi!4v1604586003699!5m2!1sen!2ssi&#8220; width=&#8220;600&#8220; height=&#8220;450&#8220; frameborder=&#8220;0&#8220; style=&#8220;border:0;&#8220; allowfullscreen=&#8220;&#8220; aria-hidden=&#8220;false&#8220; tabindex=&#8220;0&#8220;&#8221;][\/vc_column][\/vc_row][vc_row][vc_column][block_title style=&#8221;column_title&#8221; inner_style=&#8221;inline_border&#8221; title=&#8221;Tab-Ipm Logistika, Plastika In Storitve D.O.O.&#8221;][\/block_title][list icon=&#8221;moon-location-3&#8243;][list_item title=&#8221;\u017derjav 79, 2393 \u010crna na Koro\u0161kem&#8221;][\/list][list icon=&#8221;linecon-icon-banknote&#8221;][list_item title=&#8221;SI56 0247 0025 4369 335&#8243;][\/list][list icon=&#8221;moon-info-2&#8243;][list_item title=&#8221;Mati\u010dna \u0161tevilka: 1933884000&#8243;][\/list][list icon=&#8221;moon-info-2&#8243;][list_item title=&#8221;Dav\u010dna \u0161tevilka SI: 75781166&#8243;][\/list][\/vc_column][\/vc_row][vc_row][vc_column][block_title style=&#8221;column_title&#8221; inner_style=&#8221;inline_border&#8221; title=&#8221;KONTAKTI&#8221;][\/block_title][vc_row_inner][vc_column_inner width=&#8221;1\/4&#8243;][staff staff=&#8221;747&#8243; style=&#8221;style_2&#8243;][\/vc_column_inner][vc_column_inner width=&#8221;1\/4&#8243;][staff staff=&#8221;743&#8243; style=&#8221;style_2&#8243;][\/vc_column_inner][vc_column_inner width=&#8221;1\/4&#8243;][staff staff=&#8221;985&#8243; style=&#8221;style_2&#8243;][\/vc_column_inner][\/vc_row_inner][\/vc_column][\/vc_row][vc_row][vc_column][vc_column_text]<\/p>\n<div class=\"wp-block-media-text is-stacked-on-mobile\" style=\"grid-template-columns: 19% auto;\">\n<figure class=\"wp-block-media-text__media\"><img class=\"wp-image-12787 size-full\" src=\"https:\/\/www.tab.si\/wp-content\/uploads\/2023\/05\/Hand-click-icon-.-pointer-icon-.png\" alt=\"\" \/><\/figure>\n<p>&nbsp;<\/p>\n<div class=\"wp-block-media-text__content\">\n<p class=\"has-normal-font-size\">ZA\u0160\u010cITA PRIJAVITELJEV \/ ZAKON O ZA\u0160\u010cITI PRIJAVITELJEV \/ PRIJAVA KR\u0160ITEV V DELOVNEM OKOLJU<\/p>\n<p><a style=\"text-decoration: none;\" href=\"https:\/\/tab-ipm.prijavitelj.si\/\" target=\"_blank\" rel=\"noreferrer noopener\"><\/a><\/p>\n<div class=\"wp-block-buttons\">\n<div class=\"wp-block-button\"><a class=\"wp-block-button__link\" href=\"https:\/\/tab-ipm.prijavitelj.si\" target=\"_blank\" rel=\"noreferrer noopener\">DODATNE INFORMACIJE<\/a><\/div>\n\n<\/div>\n<p><a href=\"https:\/\/tab-ipm.prijavitelj.si\" target=\"_blank\" rel=\"noreferrer noopener\"> <\/a><\/p>\n<\/div>\n<\/div>\n<p><!-- \/wp:media-text -->\u00a0<\/p>\n<!-- wp:buttons -->\n<div class=\"wp-block-buttons\"><!-- wp:button \/--><\/div>\n<!-- \/wp:buttons --><br \/><!-- wp:paragraph --><!-- \/wp:paragraph -->\n<p>[\/vc_column_text][\/vc_column][\/vc_row]<\/p>\n","protected":false},"excerpt":{"rendered":"<p>[vc_row type=&#8221;full_width_content&#8221;][vc_column][google_map height=&#8221;350&#8243; dynamic_src=&#8221;https:\/\/www.google.com\/maps\/embed?pb=!1m18!1m12!1m3!1d2747.3203652360103!2d14.866066015591805!3d46.48196847912615!2m3!1f0!2f0!3f0!3m2!1i1024!2i768!4f13.1!3m3!1m2!1s0x476ff87a72dbbe07%3A0x650ab6aa74dc890f!2zxb1lcmphdiA3OSwgMjM5MyDEjHJuYSBuYSBLb3JvxaFrZW0!5e0!3m2!1sen!2ssi!4v1604586003699!5m2!1sen!2ssi&#8220; width=&#8220;600&#8220; height=&#8220;450&#8220; frameborder=&#8220;0&#8220; style=&#8220;border:0;&#8220; allowfullscreen=&#8220;&#8220; aria-hidden=&#8220;false&#8220; tabindex=&#8220;0&#8220;&#8221;][\/vc_column][\/vc_row][vc_row][vc_column][block_title style=&#8221;column_title&#8221; inner_style=&#8221;inline_border&#8221; title=&#8221;Tab-Ipm Logistika, Plastika In Storitve D.O.O.&#8221;][\/block_title][list icon=&#8221;moon-location-3&#8243;][list_item title=&#8221;\u017derjav 79, 2393 \u010crna na Koro\u0161kem&#8221;][\/list][list icon=&#8221;linecon-icon-banknote&#8221;][list_item title=&#8221;SI56 0247 0025 4369 335&#8243;][\/list][list icon=&#8221;moon-info-2&#8243;][list_item title=&#8221;Mati\u010dna \u0161tevilka: 1933884000&#8243;][\/list][list icon=&#8221;moon-info-2&#8243;][list_item title=&#8221;Dav\u010dna \u0161tevilka SI: 75781166&#8243;][\/list][\/vc_column][\/vc_row][vc_row][vc_column][block_title style=&#8221;column_title&#8221; inner_style=&#8221;inline_border&#8221; title=&#8221;KONTAKTI&#8221;][\/block_title][vc_row_inner][vc_column_inner width=&#8221;1\/4&#8243;][staff staff=&#8221;747&#8243; style=&#8221;style_2&#8243;][\/vc_column_inner][vc_column_inner width=&#8221;1\/4&#8243;][staff staff=&#8221;743&#8243; style=&#8221;style_2&#8243;][\/vc_column_inner][vc_column_inner width=&#8221;1\/4&#8243;][staff staff=&#8221;985&#8243; style=&#8221;style_2&#8243;][\/vc_column_inner][\/vc_row_inner][\/vc_column][\/vc_row][vc_row][vc_column][vc_column_text] &nbsp; ZA\u0160\u010cITA [&hellip;]<\/p>\n","protected":false},"author":1,"featured_media":0,"parent":0,"menu_order":0,"comment_status":"open","ping_status":"open","template":"","meta":[],"_links":{"self":[{"href":"http:\/\/tab-ipm.si\/index.php\/wp-json\/wp\/v2\/pages\/781"}],"collection":[{"href":"http:\/\/tab-ipm.si\/index.php\/wp-json\/wp\/v2\/pages"}],"about":[{"href":"http:\/\/tab-ipm.si\/index.php\/wp-json\/wp\/v2\/types\/page"}],"author":[{"embeddable":true,"href":"http:\/\/tab-ipm.si\/index.php\/wp-json\/wp\/v2\/users\/1"}],"replies":[{"embeddable":true,"href":"http:\/\/tab-ipm.si\/index.php\/wp-json\/wp\/v2\/comments?post=781"}],"version-history":[{"count":16,"href":"http:\/\/tab-ipm.si\/index.php\/wp-json\/wp\/v2\/pages\/781\/revisions"}],"predecessor-version":[{"id":1121,"href":"http:\/\/tab-ipm.si\/index.php\/wp-json\/wp\/v2\/pages\/781\/revisions\/1121"}],"wp:attachment":[{"href":"http:\/\/tab-ipm.si\/index.php\/wp-json\/wp\/v2\/media?parent=781"}],"curies":[{"name":"wp","href":"https:\/\/api.w.org\/{rel}","templated":true}]}}