{"id":1397,"date":"2024-05-30T08:06:38","date_gmt":"2024-05-30T08:06:38","guid":{"rendered":"http:\/\/tab-ipm.si\/?page_id=1397"},"modified":"2024-05-30T08:14:06","modified_gmt":"2024-05-30T08:14:06","slug":"projekti","status":"publish","type":"page","link":"http:\/\/tab-ipm.si\/index.php\/projekti\/","title":{"rendered":"Projekti"},"content":{"rendered":"\n<p><strong>Naziv projekta:<\/strong> <strong>VRLA NTC BATERIJE Z DODATKI CNT V AKTIVNEM MATERIALU<\/strong><\/p>\n\n\n\n<figure class=\"wp-block-image size-large\"><img loading=\"lazy\" width=\"637\" height=\"275\" src=\"http:\/\/tab-ipm.si\/wp-content\/uploads\/2024\/05\/header.png\" alt=\"\" class=\"wp-image-1398\" srcset=\"http:\/\/tab-ipm.si\/wp-content\/uploads\/2024\/05\/header.png 637w, http:\/\/tab-ipm.si\/wp-content\/uploads\/2024\/05\/header-300x130.png 300w\" sizes=\"(max-width: 637px) 100vw, 637px\" \/><\/figure>\n\n\n\n<p><strong>TRAJANJE PROJEKTA<\/strong><br>11\/2023\u201310\/2025<br><strong>PRORA\u010cUN PROJEKTA<\/strong><br>1.199.853,13 \u20ac<br><strong>EU FINANCIRANJE<\/strong><br>299.963,24 \u20ac<\/p>\n\n\n\n<p>Finan\u010dna sredstva za izvedbo projekta zagotavljata Republika Slovenija in Evropska unija iz&nbsp;<a href=\"https:\/\/www.gov.si\/zbirke\/projekti-in-programi\/nacrt-za-okrevanje-in-odpornost\/\" target=\"_blank\" rel=\"noreferrer noopener\">Mehanizma za okrevanje in odpornost<\/a>, NextGenerationEU.<\/p>\n\n\n\n<p><strong>NAMEN PROJEKTA:<\/strong><\/p>\n\n\n\n<p>Namen razvoja VRLA baterije z dodatki NCT je vstopiti na podro\u010dje zelenega prehoda, na prehod na kro\u017eno in nizko oglji\u010dno gospodarstvo ter s tem na podro\u010dje bla\u017eenje podnebnih sprememb.<\/p>\n\n\n\n<p><strong>CILJI PROJEKTA:<\/strong><\/p>\n\n\n\n<p>VRLA NCT baterije z dodatki CNT v aktivnem materialu zagotavlja:<\/p>\n\n\n\n<ul><li>izbolj\u0161ano cikli\u010dno sposobnost in s tem dalj\u0161o pri\u010dakovano \u017eivljenjsko dobo<\/li><li>izbolj\u0161an faktor polnjenja, kar zni\u017euje porabo elektri\u010dne energije pri polnjenju baterije<\/li><li>visoki sposobnosti sprejemanja polnjenja, kar omogo\u010da hitro napolnitev baterije<\/li><\/ul>\n\n\n\n<p>\u00bbNalo\u017ebo sofinancirata Republika Slovenija in Evropska unija iz naslova sredstev&nbsp;<a rel=\"noreferrer noopener\" href=\"https:\/\/www.gov.si\/zbirke\/projekti-in-programi\/nacrt-za-okrevanje-in-odpornost\/\" target=\"_blank\">Mehanizma za okrevanje in odpornost<\/a>&nbsp;s prora\u010dunske postavke 221475 \u2013 C3K9IC Spodbujanje investicij po ZSInv za pametno, trajnostno in vklju\u010dujo\u010do rast NOO \u2013 MGRT.\u00ab<\/p>\n\n\n\n<figure class=\"wp-block-image size-large\"><img loading=\"lazy\" width=\"1024\" height=\"94\" src=\"http:\/\/tab-ipm.si\/wp-content\/uploads\/2024\/05\/footer-1024x94.png\" alt=\"\" class=\"wp-image-1399\" srcset=\"http:\/\/tab-ipm.si\/wp-content\/uploads\/2024\/05\/footer-1024x94.png 1024w, http:\/\/tab-ipm.si\/wp-content\/uploads\/2024\/05\/footer-300x28.png 300w, http:\/\/tab-ipm.si\/wp-content\/uploads\/2024\/05\/footer-768x71.png 768w, http:\/\/tab-ipm.si\/wp-content\/uploads\/2024\/05\/footer.png 1075w\" sizes=\"(max-width: 1024px) 100vw, 1024px\" \/><\/figure>\n","protected":false},"excerpt":{"rendered":"<p>Naziv projekta: VRLA NTC BATERIJE Z DODATKI CNT V AKTIVNEM MATERIALU TRAJANJE PROJEKTA11\/2023\u201310\/2025PRORA\u010cUN PROJEKTA1.199.853,13 \u20acEU FINANCIRANJE299.963,24 \u20ac Finan\u010dna sredstva za izvedbo projekta zagotavljata Republika Slovenija in Evropska unija iz&nbsp;Mehanizma za okrevanje in odpornost, NextGenerationEU. NAMEN PROJEKTA: Namen razvoja VRLA baterije z dodatki NCT je vstopiti na podro\u010dje zelenega prehoda, na prehod na kro\u017eno in nizko [&hellip;]<\/p>\n","protected":false},"author":1,"featured_media":0,"parent":0,"menu_order":0,"comment_status":"closed","ping_status":"closed","template":"","meta":[],"_links":{"self":[{"href":"http:\/\/tab-ipm.si\/index.php\/wp-json\/wp\/v2\/pages\/1397"}],"collection":[{"href":"http:\/\/tab-ipm.si\/index.php\/wp-json\/wp\/v2\/pages"}],"about":[{"href":"http:\/\/tab-ipm.si\/index.php\/wp-json\/wp\/v2\/types\/page"}],"author":[{"embeddable":true,"href":"http:\/\/tab-ipm.si\/index.php\/wp-json\/wp\/v2\/users\/1"}],"replies":[{"embeddable":true,"href":"http:\/\/tab-ipm.si\/index.php\/wp-json\/wp\/v2\/comments?post=1397"}],"version-history":[{"count":2,"href":"http:\/\/tab-ipm.si\/index.php\/wp-json\/wp\/v2\/pages\/1397\/revisions"}],"predecessor-version":[{"id":1403,"href":"http:\/\/tab-ipm.si\/index.php\/wp-json\/wp\/v2\/pages\/1397\/revisions\/1403"}],"wp:attachment":[{"href":"http:\/\/tab-ipm.si\/index.php\/wp-json\/wp\/v2\/media?parent=1397"}],"curies":[{"name":"wp","href":"https:\/\/api.w.org\/{rel}","templated":true}]}}